{"id":185,"date":"2019-03-13T06:50:18","date_gmt":"2019-03-13T06:50:18","guid":{"rendered":"http:\/\/localhost\/buildbench\/?page_id=185"},"modified":"2022-09-06T11:32:51","modified_gmt":"2022-09-06T11:32:51","slug":"proyectos","status":"publish","type":"page","link":"https:\/\/tinmeca.com.do\/index.php\/proyectos\/","title":{"rendered":"Proyectos"},"content":{"rendered":"\t\t<div data-elementor-type=\"wp-post\" data-elementor-id=\"185\" class=\"elementor elementor-185\">\n\t\t\t\t\t\t\t\t\t<section class=\"elementor-section elementor-top-section elementor-element elementor-element-ae61583 elementor-section-boxed elementor-section-height-default elementor-section-height-default\" data-id=\"ae61583\" data-element_type=\"section\">\n\t\t\t\t\t\t<div class=\"elementor-container elementor-column-gap-default\">\n\t\t\t\t\t<div class=\"elementor-column elementor-col-100 elementor-top-column elementor-element elementor-element-b689741\" data-id=\"b689741\" data-element_type=\"column\">\n\t\t\t<div class=\"elementor-widget-wrap elementor-element-populated\">\n\t\t\t\t\t\t\t\t<div class=\"elementor-element elementor-element-b5121e3 elementor-widget elementor-widget-buildbench-title\" data-id=\"b5121e3\" data-element_type=\"widget\" data-widget_type=\"buildbench-title.default\">\n\t\t\t\t<div class=\"elementor-widget-container\">\n\t\t\t         <div class=\"section-heading-content\">\n            <h2 class=\"section-title\">\n                <span class=\"sub-title\">Nuestros proyectos<\/span>\n                 \u00daltimos trabajos                              <\/h2>\n         <\/div><!-- Section title -->\t\t\n\n     \n    \t\t<\/div>\n\t\t\t\t<\/div>\n\t\t\t\t\t<\/div>\n\t\t<\/div>\n\t\t\t\t\t\t\t<\/div>\n\t\t<\/section>\n\t\t\t\t<section class=\"elementor-section elementor-top-section elementor-element elementor-element-1b399d6 elementor-section-full_width elementor-section-height-default elementor-section-height-default\" data-id=\"1b399d6\" data-element_type=\"section\">\n\t\t\t\t\t\t<div class=\"elementor-container elementor-column-gap-default\">\n\t\t\t\t\t<div class=\"elementor-column elementor-col-100 elementor-top-column elementor-element elementor-element-c249df8\" data-id=\"c249df8\" data-element_type=\"column\">\n\t\t\t<div class=\"elementor-widget-wrap elementor-element-populated\">\n\t\t\t\t\t\t\t\t<div class=\"elementor-element elementor-element-87afdab elementor-widget elementor-widget-buildbench-project\" data-id=\"87afdab\" data-element_type=\"widget\" data-widget_type=\"buildbench-project.default\">\n\t\t\t\t<div class=\"elementor-widget-container\">\n\t\t\t         \n\n              <div class=\"row mixcontent\" id=\"mixcontent\" >\n              \n                <div class=\"col-lg-3 mix col-sm-6 ts-padding-0\">\n                    <a href=\"https:\/\/tinmeca.com.do\/index.php\/project\/oxford-science-lab-building-6-7\/\">\n                        <div class=\"single-recent-work\">\n                            <img class=\"img-fluid\" alt=\"Projects\" src=\"https:\/\/tinmeca.com.do\/wp-content\/uploads\/2019\/03\/project_img_2.jpeg\" >\n                            <div class=\"recet-work-footer\">\n                                <i class=\"icon-Our_service_3\"><\/i>\n                                <h4 class=\"ts-project-el-title\">\n                                    Fachada edificio del departamento portuario                                    <span class=\"ts-project-el-zone\">\n                                    Republica Dominicana                                    <\/span>\n                                <\/h4>\n                            <\/div>\n                                                            <div class=\"btn-wrap\">\n                                    <span class=\"link-more\"><i class=\"icon icon-right-arrow2\"><\/i><\/span>\n                                <\/div>\n                                                    <\/div>\n                    <\/a>\n                <\/div>\n              \n                <div class=\"col-lg-3 mix col-sm-6 ts-padding-0\">\n                    <a href=\"https:\/\/tinmeca.com.do\/index.php\/project\/oxford-science-lab-building-6-6\/\">\n                        <div class=\"single-recent-work\">\n                            <img class=\"img-fluid\" alt=\"Projects\" src=\"https:\/\/tinmeca.com.do\/wp-content\/uploads\/2019\/03\/project_img_6.jpeg\" >\n                            <div class=\"recet-work-footer\">\n                                <i class=\"icon-Our_service_3\"><\/i>\n                                <h4 class=\"ts-project-el-title\">\n                                    Extensi\u00f3n del edificio y construcci\u00f3n del sal\u00f3n conexo                                    <span class=\"ts-project-el-zone\">\n                                    Republica Dominicana                                    <\/span>\n                                <\/h4>\n                            <\/div>\n                                                            <div class=\"btn-wrap\">\n                                    <span class=\"link-more\"><i class=\"icon icon-right-arrow2\"><\/i><\/span>\n                                <\/div>\n                                                    <\/div>\n                    <\/a>\n                <\/div>\n              \n                <div class=\"col-lg-3 mix col-sm-6 ts-padding-0\">\n                    <a href=\"https:\/\/tinmeca.com.do\/index.php\/project\/oxford-science-lab-building-6-5\/\">\n                        <div class=\"single-recent-work\">\n                            <img class=\"img-fluid\" alt=\"Projects\" src=\"https:\/\/tinmeca.com.do\/wp-content\/uploads\/2019\/03\/project_img_8.jpeg\" >\n                            <div class=\"recet-work-footer\">\n                                <i class=\"icon-Our_service_3\"><\/i>\n                                <h4 class=\"ts-project-el-title\">\n                                    Construcci\u00f3n de plataformas de equipos electromec\u00e1nicos y base de ascensor de cl\u00ednica odontol\u00f3gica.                                    <span class=\"ts-project-el-zone\">\n                                    Republica Dominicana                                    <\/span>\n                                <\/h4>\n                            <\/div>\n                                                            <div class=\"btn-wrap\">\n                                    <span class=\"link-more\"><i class=\"icon icon-right-arrow2\"><\/i><\/span>\n                                <\/div>\n                                                    <\/div>\n                    <\/a>\n                <\/div>\n              \n                <div class=\"col-lg-3 mix col-sm-6 ts-padding-0\">\n                    <a href=\"https:\/\/tinmeca.com.do\/index.php\/project\/oxford-science-lab-building-6-4\/\">\n                        <div class=\"single-recent-work\">\n                            <img class=\"img-fluid\" alt=\"Projects\" src=\"https:\/\/tinmeca.com.do\/wp-content\/uploads\/2019\/03\/project_img_5.jpeg\" >\n                            <div class=\"recet-work-footer\">\n                                <i class=\"icon-Our_service_3\"><\/i>\n                                <h4 class=\"ts-project-el-title\">\n                                    Reparaci\u00f3n tanque met\u00e1lico                                    <span class=\"ts-project-el-zone\">\n                                    Republica Dominicana                                    <\/span>\n                                <\/h4>\n                            <\/div>\n                                                            <div class=\"btn-wrap\">\n                                    <span class=\"link-more\"><i class=\"icon icon-right-arrow2\"><\/i><\/span>\n                                <\/div>\n                                                    <\/div>\n                    <\/a>\n                <\/div>\n               \n         <\/div>    \n         \n\n       \t\t<\/div>\n\t\t\t\t<\/div>\n\t\t\t\t\t<\/div>\n\t\t<\/div>\n\t\t\t\t\t\t\t<\/div>\n\t\t<\/section>\n\t\t\t\t\t\t\t<\/div>\n\t\t","protected":false},"excerpt":{"rendered":"<p>Nuestros proyectos \u00daltimos trabajos Fachada edificio del departamento portuario Republica Dominicana Extensi\u00f3n del edificio y construcci\u00f3n del sal\u00f3n conexo Republica Dominicana Construcci\u00f3n de plataformas de equipos electromec\u00e1nicos y base de ascensor de cl\u00ednica odontol\u00f3gica. Republica Dominicana Reparaci\u00f3n tanque met\u00e1lico Republica Dominicana<\/p>\n","protected":false},"author":1,"featured_media":0,"parent":0,"menu_order":0,"comment_status":"closed","ping_status":"closed","template":"template\/full-width-template.php","meta":{"om_disable_all_campaigns":false,"_monsterinsights_skip_tracking":false,"_monsterinsights_sitenote_active":false,"_monsterinsights_sitenote_note":"","_monsterinsights_sitenote_category":0},"aioseo_notices":[],"_links":{"self":[{"href":"https:\/\/tinmeca.com.do\/index.php\/wp-json\/wp\/v2\/pages\/185"}],"collection":[{"href":"https:\/\/tinmeca.com.do\/index.php\/wp-json\/wp\/v2\/pages"}],"about":[{"href":"https:\/\/tinmeca.com.do\/index.php\/wp-json\/wp\/v2\/types\/page"}],"author":[{"embeddable":true,"href":"https:\/\/tinmeca.com.do\/index.php\/wp-json\/wp\/v2\/users\/1"}],"replies":[{"embeddable":true,"href":"https:\/\/tinmeca.com.do\/index.php\/wp-json\/wp\/v2\/comments?post=185"}],"version-history":[{"count":6,"href":"https:\/\/tinmeca.com.do\/index.php\/wp-json\/wp\/v2\/pages\/185\/revisions"}],"predecessor-version":[{"id":2599,"href":"https:\/\/tinmeca.com.do\/index.php\/wp-json\/wp\/v2\/pages\/185\/revisions\/2599"}],"wp:attachment":[{"href":"https:\/\/tinmeca.com.do\/index.php\/wp-json\/wp\/v2\/media?parent=185"}],"curies":[{"name":"wp","href":"https:\/\/api.w.org\/{rel}","templated":true}]}}