{"id":2603,"date":"2022-09-06T11:44:16","date_gmt":"2022-09-06T11:44:16","guid":{"rendered":"https:\/\/tinmeca.com.do\/?page_id=2603"},"modified":"2022-09-06T11:49:22","modified_gmt":"2022-09-06T11:49:22","slug":"cotizacion","status":"publish","type":"page","link":"https:\/\/tinmeca.com.do\/index.php\/cotizacion\/","title":{"rendered":"Cotiza con nosotros"},"content":{"rendered":"\t\t<div data-elementor-type=\"wp-page\" data-elementor-id=\"2603\" class=\"elementor elementor-2603\">\n\t\t\t\t\t\t\t\t\t<section class=\"elementor-section elementor-top-section elementor-element elementor-element-e557df1 elementor-section-boxed elementor-section-height-default elementor-section-height-default\" data-id=\"e557df1\" data-element_type=\"section\">\n\t\t\t\t\t\t<div class=\"elementor-container elementor-column-gap-default\">\n\t\t\t\t\t<div class=\"elementor-column elementor-col-100 elementor-top-column elementor-element elementor-element-9448d05\" data-id=\"9448d05\" data-element_type=\"column\">\n\t\t\t<div class=\"elementor-widget-wrap elementor-element-populated\">\n\t\t\t\t\t\t\t\t<div class=\"elementor-element elementor-element-3dc0caf elementor-widget elementor-widget-shortcode\" data-id=\"3dc0caf\" data-element_type=\"widget\" data-widget_type=\"shortcode.default\">\n\t\t\t\t<div class=\"elementor-widget-container\">\n\t\t\t\t\t<div class=\"elementor-shortcode\"><div class=\"wpforms-container wpforms-container-full\" id=\"wpforms-2600\"><form id=\"wpforms-form-2600\" class=\"wpforms-validate wpforms-form wpforms-ajax-form\" data-formid=\"2600\" method=\"post\" enctype=\"multipart\/form-data\" action=\"\/index.php\/wp-json\/wp\/v2\/pages\/2603\" data-token=\"27a4ed536b04c7633c4e49fae948a66f\"><noscript class=\"wpforms-error-noscript\">Please enable JavaScript in your browser to complete this form.<\/noscript><div class=\"wpforms-field-container\"><div id=\"wpforms-2600-field_2-container\" class=\"wpforms-field wpforms-field-name\" data-field-id=\"2\"><label class=\"wpforms-field-label\" for=\"wpforms-2600-field_2\">Nombre completo <span class=\"wpforms-required-label\">*<\/span><\/label><div class=\"wpforms-field-row wpforms-field-medium\"><div class=\"wpforms-field-row-block wpforms-first wpforms-one-half\"><input type=\"text\" id=\"wpforms-2600-field_2\" class=\"wpforms-field-name-first wpforms-field-required\" name=\"wpforms[fields][2][first]\" placeholder=\"Nombre\" required><label for=\"wpforms-2600-field_2\" class=\"wpforms-field-sublabel after wpforms-sublabel-hide\">First<\/label><\/div><div class=\"wpforms-field-row-block wpforms-one-half\"><input type=\"text\" id=\"wpforms-2600-field_2-last\" class=\"wpforms-field-name-last wpforms-field-required\" name=\"wpforms[fields][2][last]\" placeholder=\"Apellido\" required><label for=\"wpforms-2600-field_2-last\" class=\"wpforms-field-sublabel after wpforms-sublabel-hide\">Last<\/label><\/div><\/div><\/div><div id=\"wpforms-2600-field_3-container\" class=\"wpforms-field wpforms-field-email\" data-field-id=\"3\"><label class=\"wpforms-field-label\" for=\"wpforms-2600-field_3\">Correo <span class=\"wpforms-required-label\">*<\/span><\/label><input type=\"email\" id=\"wpforms-2600-field_3\" class=\"wpforms-field-medium wpforms-field-required\" name=\"wpforms[fields][3]\" required><\/div><div id=\"wpforms-2600-field_4-container\" class=\"wpforms-field wpforms-field-select wpforms-field-select-style-classic\" data-field-id=\"4\"><label class=\"wpforms-field-label\" for=\"wpforms-2600-field_4\">Servicio a cotizar <span class=\"wpforms-required-label\">*<\/span><\/label><select id=\"wpforms-2600-field_4\" class=\"wpforms-field-medium wpforms-field-required\" name=\"wpforms[fields][4]\" required=\"required\"><option value=\"Seleccionar Servicio\" >Seleccionar Servicio<\/option><option value=\"Dise\u00f1o y elaboraci\u00f3n de planos de proyectos de estructura y cubiertas met\u00e1licas\" >Dise\u00f1o y elaboraci\u00f3n de planos de proyectos de estructura y cubiertas met\u00e1licas<\/option><option value=\"Fabricaci\u00f3n y montaje de estructuras met\u00e1licas\" >Fabricaci\u00f3n y montaje de estructuras met\u00e1licas<\/option><option value=\"Suministro e instalaci\u00f3n tuber\u00edas especiales de acero\" >Suministro e instalaci\u00f3n tuber\u00edas especiales de acero<\/option><option value=\"Piezas especiales de acero (corte y plegado)\" >Piezas especiales de acero (corte y plegado)<\/option><option value=\"Reforzamientos estructurales de acero\" >Reforzamientos estructurales de acero<\/option><option value=\"Dise\u00f1o y fabricaci\u00f3n de tanques met\u00e1licos para almacenamiento\" >Dise\u00f1o y fabricaci\u00f3n de tanques met\u00e1licos para almacenamiento<\/option><option value=\"Corte en CNC de piezas met\u00e1licas personalizadas\" >Corte en CNC de piezas met\u00e1licas personalizadas<\/option><option value=\"Suministro e instalaci\u00f3n de piezas para acueductos y alcantarillados sanitarios\" >Suministro e instalaci\u00f3n de piezas para acueductos y alcantarillados sanitarios<\/option><option value=\"Reparaci\u00f3n de equipos pesados y generadores el\u00e9ctricos\" >Reparaci\u00f3n de equipos pesados y generadores el\u00e9ctricos<\/option><option value=\"Servicios de transporte y alquiler de gr\u00faa\" >Servicios de transporte y alquiler de gr\u00faa<\/option><option value=\"Trabajo en altura y manipulaci\u00f3n de carga \" >Trabajo en altura y manipulaci\u00f3n de carga <\/option><option value=\"Levantamiento topogr\u00e1fico fotom\u00e9trico\" >Levantamiento topogr\u00e1fico fotom\u00e9trico<\/option><option value=\"Estructuras met\u00e1lica para fachadas y letreros de publicidad\" >Estructuras met\u00e1lica para fachadas y letreros de publicidad<\/option><\/select><\/div><div id=\"wpforms-2600-field_5-container\" class=\"wpforms-field wpforms-field-textarea\" data-field-id=\"5\"><label class=\"wpforms-field-label\" for=\"wpforms-2600-field_5\">Detalle solicitud<\/label><textarea id=\"wpforms-2600-field_5\" class=\"wpforms-field-medium\" name=\"wpforms[fields][5]\" ><\/textarea><\/div><\/div><div class=\"wpforms-submit-container\"><input type=\"hidden\" name=\"wpforms[id]\" value=\"2600\"><input type=\"hidden\" name=\"wpforms[author]\" value=\"1\"><button type=\"submit\" name=\"wpforms[submit]\" id=\"wpforms-submit-2600\" class=\"wpforms-submit\" data-alt-text=\"Enviando...\" data-submit-text=\"Enviar\" aria-live=\"assertive\" value=\"wpforms-submit\">Enviar<\/button><img loading=\"lazy\" src=\"https:\/\/tinmeca.com.do\/wp-content\/plugins\/wpforms-lite\/assets\/images\/submit-spin.svg\" class=\"wpforms-submit-spinner\" style=\"display: none;\" width=\"26\" height=\"26\" alt=\"Loading\"><\/div><\/form><\/div>  <!-- .wpforms-container -->\t<\/div>\n\t\t\t\t<\/div>\n\t\t\t\t<\/div>\n\t\t\t\t\t<\/div>\n\t\t<\/div>\n\t\t\t\t\t\t\t<\/div>\n\t\t<\/section>\n\t\t\t\t\t\t\t<\/div>\n\t\t","protected":false},"excerpt":{"rendered":"","protected":false},"author":1,"featured_media":0,"parent":0,"menu_order":0,"comment_status":"closed","ping_status":"closed","template":"template\/full-width-template.php","meta":{"om_disable_all_campaigns":false,"_monsterinsights_skip_tracking":false,"_monsterinsights_sitenote_active":false,"_monsterinsights_sitenote_note":"","_monsterinsights_sitenote_category":0},"aioseo_notices":[],"_links":{"self":[{"href":"https:\/\/tinmeca.com.do\/index.php\/wp-json\/wp\/v2\/pages\/2603"}],"collection":[{"href":"https:\/\/tinmeca.com.do\/index.php\/wp-json\/wp\/v2\/pages"}],"about":[{"href":"https:\/\/tinmeca.com.do\/index.php\/wp-json\/wp\/v2\/types\/page"}],"author":[{"embeddable":true,"href":"https:\/\/tinmeca.com.do\/index.php\/wp-json\/wp\/v2\/users\/1"}],"replies":[{"embeddable":true,"href":"https:\/\/tinmeca.com.do\/index.php\/wp-json\/wp\/v2\/comments?post=2603"}],"version-history":[{"count":5,"href":"https:\/\/tinmeca.com.do\/index.php\/wp-json\/wp\/v2\/pages\/2603\/revisions"}],"predecessor-version":[{"id":2609,"href":"https:\/\/tinmeca.com.do\/index.php\/wp-json\/wp\/v2\/pages\/2603\/revisions\/2609"}],"wp:attachment":[{"href":"https:\/\/tinmeca.com.do\/index.php\/wp-json\/wp\/v2\/media?parent=2603"}],"curies":[{"name":"wp","href":"https:\/\/api.w.org\/{rel}","templated":true}]}}